{"id":63,"date":"2025-04-07T18:50:55","date_gmt":"2025-04-07T18:50:55","guid":{"rendered":"http:\/\/www.greenplan.com.tr\/?page_id=63"},"modified":"2025-07-21T14:26:24","modified_gmt":"2025-07-21T14:26:24","slug":"degerlerimiz","status":"publish","type":"page","link":"https:\/\/www.greenplan.com.tr\/index.php\/degerlerimiz\/","title":{"rendered":"De\u011ferlerimiz"},"content":{"rendered":"\t\t<div data-elementor-type=\"wp-page\" data-elementor-id=\"63\" class=\"elementor elementor-63\">\n\t\t\t\t<div class=\"elementor-element elementor-element-3ce73b97 e-flex e-con-boxed e-con e-parent\" data-id=\"3ce73b97\" data-element_type=\"container\" data-e-type=\"container\">\n\t\t\t\t\t<div class=\"e-con-inner\">\n\t\t\t\t<div class=\"elementor-element elementor-element-3d5a3016 elementor-widget elementor-widget-text-editor\" data-id=\"3d5a3016\" data-element_type=\"widget\" data-e-type=\"widget\" data-widget_type=\"text-editor.default\">\n\t\t\t\t<div class=\"elementor-widget-container\">\n\t\t\t\t\t\t\t\t\t\n<p><strong>Bilimsellik ve \u015eeffafl\u0131k:<\/strong> T\u00fcm hizmet s\u00fcre\u00e7lerimizi bilimsel verilere dayand\u0131r\u0131yor, m\u00fc\u015fterilerimizle olan ileti\u015fimimizde a\u00e7\u0131k ve \u015feffaf bir yakla\u015f\u0131m benimsiyoruz. Her ad\u0131m\u0131 belgelerle, analizlerle ve a\u00e7\u0131k raporlarla destekliyoruz.<\/p>\n\n<p><strong>Etik \u0130lkeler ve Yasal Uyum:<\/strong> T\u00fcm projelerimizde etik de\u011ferleri \u00f6n planda tutuyoruz. Mevzuatlara tam uyum sa\u011flamakla kalmay\u0131p, yasal gerekliliklerin \u00f6tesinde sorumluluk bilinciyle hareket ediyoruz.<\/p>\n\n<p><strong>Do\u011faya Sayg\u0131:<\/strong> T\u00fcm \u00e7al\u0131\u015fmalar\u0131m\u0131z\u0131n merkezinde do\u011faya duyulan derin sayg\u0131 yer al\u0131r. Faaliyetlerimizin \u00e7evreye olan etkilerini en aza indirmek ve do\u011fan\u0131n d\u00f6ng\u00fcs\u00fcn\u00fc korumak temel \u00f6nceli\u011fimizdir.<\/p>\n\n<p><strong>S\u00fcrd\u00fcr\u00fclebilirlik Odakl\u0131 Yakla\u015f\u0131m:<\/strong> K\u0131sa vadeli \u00e7\u00f6z\u00fcmler yerine, uzun vadeli \u00e7evresel, sosyal ve ekonomik s\u00fcrd\u00fcr\u00fclebilirli\u011fi hedefleyen projeler geli\u015ftiriyoruz. Her ad\u0131mda gelece\u011fe yat\u0131r\u0131m yapmay\u0131 ilke ediniriz.<\/p>\n\n<p><strong>Kat\u0131l\u0131mc\u0131l\u0131k ve \u0130\u015f Birli\u011fi:<\/strong> Kamu kurumlar\u0131, yerel halk, yat\u0131r\u0131mc\u0131lar ve STK&#8217;larla etkin ileti\u015fim kurar, t\u00fcm taraflar\u0131n s\u00fcrece dahil edilmesini destekleriz. Bu anlay\u0131\u015fla daha kapsay\u0131c\u0131 ve etkili projeler \u00fcretiriz.<\/p>\n\n<p><strong>S\u00fcrekli Geli\u015fim:<\/strong> De\u011fi\u015fen \u00e7evre ko\u015fullar\u0131 ve g\u00fcncellenen mevzuatlara h\u0131zla uyum sa\u011flayabilmek i\u00e7in kendimizi s\u00fcrekli geli\u015ftiriyor, personel e\u011fitimlerinden teknoloji yat\u0131r\u0131mlar\u0131na kadar yenilik\u00e7i ad\u0131mlar at\u0131yoruz.<\/p>\n\t\t\t\t\t\t\t\t<\/div>\n\t\t\t\t<\/div>\n\t\t\t\t\t<\/div>\n\t\t\t\t<\/div>\n\t\t\t\t<\/div>\n\t\t","protected":false},"excerpt":{"rendered":"<p>Bilimsellik ve \u015eeffafl\u0131k: T\u00fcm hizmet s\u00fcre\u00e7lerimizi bilimsel verilere dayand\u0131r\u0131yor, m\u00fc\u015fterilerimizle olan ileti\u015fimimizde a\u00e7\u0131k ve \u015feffaf bir yakla\u015f\u0131m benimsiyoruz. Her ad\u0131m\u0131 belgelerle, analizlerle ve a\u00e7\u0131k raporlarla destekliyoruz. Etik \u0130lkeler ve Yasal Uyum: T\u00fcm projelerimizde etik de\u011ferleri \u00f6n planda tutuyoruz. Mevzuatlara tam uyum sa\u011flamakla kalmay\u0131p, yasal gerekliliklerin \u00f6tesinde sorumluluk bilinciyle hareket ediyoruz. Do\u011faya Sayg\u0131: T\u00fcm \u00e7al\u0131\u015fmalar\u0131m\u0131z\u0131n merkezinde [&hellip;]<\/p>\n","protected":false},"author":1,"featured_media":0,"parent":0,"menu_order":0,"comment_status":"closed","ping_status":"closed","template":"elementor_header_footer","meta":{"footnotes":""},"class_list":["post-63","page","type-page","status-publish","hentry"],"blog_post_layout_featured_media_urls":{"thumbnail":"","full":""},"categories_names":null,"comments_number":"0","wpmagazine_modules_lite_featured_media_urls":{"thumbnail":"","cvmm-medium":"","cvmm-medium-plus":"","cvmm-portrait":"","cvmm-medium-square":"","cvmm-large":"","cvmm-small":"","full":""},"jetpack_sharing_enabled":true,"rttpg_featured_image_url":null,"rttpg_author":{"display_name":"admin","author_link":"https:\/\/www.greenplan.com.tr\/index.php\/author\/admin\/"},"rttpg_comment":0,"rttpg_category":null,"rttpg_excerpt":"Bilimsellik ve \u015eeffafl\u0131k: T\u00fcm hizmet s\u00fcre\u00e7lerimizi bilimsel verilere dayand\u0131r\u0131yor, m\u00fc\u015fterilerimizle olan ileti\u015fimimizde a\u00e7\u0131k ve \u015feffaf bir yakla\u015f\u0131m benimsiyoruz. Her ad\u0131m\u0131 belgelerle, analizlerle ve a\u00e7\u0131k raporlarla destekliyoruz. Etik \u0130lkeler ve Yasal Uyum: T\u00fcm projelerimizde etik de\u011ferleri \u00f6n planda tutuyoruz. Mevzuatlara tam uyum sa\u011flamakla kalmay\u0131p, yasal gerekliliklerin \u00f6tesinde sorumluluk bilinciyle hareket ediyoruz. Do\u011faya Sayg\u0131: T\u00fcm \u00e7al\u0131\u015fmalar\u0131m\u0131z\u0131n merkezinde&hellip;","_links":{"self":[{"href":"https:\/\/www.greenplan.com.tr\/index.php\/wp-json\/wp\/v2\/pages\/63","targetHints":{"allow":["GET"]}}],"collection":[{"href":"https:\/\/www.greenplan.com.tr\/index.php\/wp-json\/wp\/v2\/pages"}],"about":[{"href":"https:\/\/www.greenplan.com.tr\/index.php\/wp-json\/wp\/v2\/types\/page"}],"author":[{"embeddable":true,"href":"https:\/\/www.greenplan.com.tr\/index.php\/wp-json\/wp\/v2\/users\/1"}],"replies":[{"embeddable":true,"href":"https:\/\/www.greenplan.com.tr\/index.php\/wp-json\/wp\/v2\/comments?post=63"}],"version-history":[{"count":7,"href":"https:\/\/www.greenplan.com.tr\/index.php\/wp-json\/wp\/v2\/pages\/63\/revisions"}],"predecessor-version":[{"id":883,"href":"https:\/\/www.greenplan.com.tr\/index.php\/wp-json\/wp\/v2\/pages\/63\/revisions\/883"}],"wp:attachment":[{"href":"https:\/\/www.greenplan.com.tr\/index.php\/wp-json\/wp\/v2\/media?parent=63"}],"curies":[{"name":"wp","href":"https:\/\/api.w.org\/{rel}","templated":true}]}}