{"id":205,"date":"2025-04-09T12:23:51","date_gmt":"2025-04-09T12:23:51","guid":{"rendered":"https:\/\/www.greenplan.com.tr\/?page_id=205"},"modified":"2025-12-11T08:43:01","modified_gmt":"2025-12-11T08:43:01","slug":"iletisim","status":"publish","type":"page","link":"https:\/\/www.greenplan.com.tr\/index.php\/iletisim\/","title":{"rendered":"GREEN PLAN \u00c7EVRE M\u00dcHEND\u0130SL\u0130\u011e\u0130"},"content":{"rendered":"\t\t<div data-elementor-type=\"wp-page\" data-elementor-id=\"205\" class=\"elementor elementor-205\">\n\t\t\t\t<div class=\"elementor-element elementor-element-320cac76 e-flex e-con-boxed e-con e-parent\" data-id=\"320cac76\" data-element_type=\"container\" data-e-type=\"container\" data-settings=\"{&quot;background_background&quot;:&quot;classic&quot;}\">\n\t\t\t\t\t<div class=\"e-con-inner\">\n\t\t\t\t<div class=\"elementor-element elementor-element-6d652ba8 elementor-widget elementor-widget-text-editor\" data-id=\"6d652ba8\" data-element_type=\"widget\" data-e-type=\"widget\" data-widget_type=\"text-editor.default\">\n\t\t\t\t<div class=\"elementor-widget-container\">\n\t\t\t\t\t\t\t\t\t<p><\/p>\n<p><strong>ADRES:<\/strong>\u00a0<span style=\"color: #5b5b5b; font-size: 14px; background-color: rgba(14, 189, 108, 0.12);\">Yeni Ba\u011fl\u0131ca Mahallesi, Etimesgut Bulvar\u0131, No: 6F\/D\u00a0<\/span><span style=\"font-weight: bolder; color: #5b5b5b; font-size: 14px; background-color: rgba(14, 189, 108, 0.12);\">Etimesgut \/ ANKARA<\/span><\/p>\n<p><\/p>\n<p><strong>TEL:<\/strong> 0 (312)\u00a0577\u00a051\u00a061<\/p>\n<p><\/p>\n<p><strong>E-POSTA:<\/strong> greenplan@greenplan.com.tr<\/p>\n<p><\/p>\t\t\t\t\t\t\t\t<\/div>\n\t\t\t\t<\/div>\n\t\t\t\t\t<\/div>\n\t\t\t\t<\/div>\n\t\t<div class=\"elementor-element elementor-element-4c518d2 e-flex e-con-boxed e-con e-parent\" data-id=\"4c518d2\" data-element_type=\"container\" data-e-type=\"container\" data-settings=\"{&quot;background_background&quot;:&quot;classic&quot;}\">\n\t\t\t\t\t<div class=\"e-con-inner\">\n\t\t<div class=\"elementor-element elementor-element-955ae6a e-con-full e-flex e-con e-child\" data-id=\"955ae6a\" data-element_type=\"container\" data-e-type=\"container\" data-settings=\"{&quot;background_background&quot;:&quot;classic&quot;}\">\n\t\t\t\t<div class=\"elementor-element elementor-element-d6bb52f elementor-widget elementor-widget-heading\" data-id=\"d6bb52f\" data-element_type=\"widget\" data-e-type=\"widget\" data-widget_type=\"heading.default\">\n\t\t\t\t<div class=\"elementor-widget-container\">\n\t\t\t\t\t<h2 class=\"elementor-heading-title elementor-size-default\">\u0130leti\u015fim Formu<\/h2>\t\t\t\t<\/div>\n\t\t\t\t<\/div>\n\t\t\t\t<div class=\"elementor-element elementor-element-31dcdfe elementor-widget elementor-widget-text-editor\" data-id=\"31dcdfe\" data-element_type=\"widget\" data-e-type=\"widget\" data-widget_type=\"text-editor.default\">\n\t\t\t\t<div class=\"elementor-widget-container\">\n\t\t\t\t\t\t\t\t\t<p>Size daha iyi hizmet vermek i\u00e7in ileti\u015fim formunu eksiksiz olarak doldurman\u0131z, isteklerinizi anla\u015f\u0131l\u0131r ve k\u0131sa olarak bildirmenizi rica ederiz.<\/p>\t\t\t\t\t\t\t\t<\/div>\n\t\t\t\t<\/div>\n\t\t\t\t<div class=\"elementor-element elementor-element-ef686b8 elementor-widget elementor-widget-html\" data-id=\"ef686b8\" data-element_type=\"widget\" data-e-type=\"widget\" data-widget_type=\"html.default\">\n\t\t\t\t<div class=\"elementor-widget-container\">\n\t\t\t\t\t<div class=\"everest-forms\"><div class=\"evf-container default\" id=\"evf-208\"><form id=\"evf-form-208\" class=\"everest-form\" data-formid=\"208\" data-ajax_submission=\"0\" data-keyboard_friendly_form=\"0\" data-form_state_type=\"\" method=\"post\" enctype=\"multipart\/form-data\" action=\"\/index.php\/wp-json\/wp\/v2\/pages\/205\"><div class=\"evf-field-container\"><input type=\"hidden\" id=\"_wpnonce208\" name=\"_wpnonce208\" value=\"3a61e72984\" \/><input type=\"hidden\" name=\"_wp_http_referer\" value=\"\/index.php\/wp-json\/wp\/v2\/pages\/205\" \/><div class=\"evf-frontend-row\" data-row=\"row_1\" conditional_rules=\"[]\"><div class=\"evf-frontend-grid evf-grid-1\" data-grid=\"grid_1\"><div id=\"evf-208-field_fullname-container\" class=\"evf-field evf-field-text form-row validate-required\" data-required-field-message=\"This field is required.\" data-field-id=\"fullname\"><label class=\"evf-field-label\" for=\"evf-208-field_fullname\"><span class=\"evf-label\">Ad\u0131n\u0131z, Soyad\u0131n\u0131z<\/span> <abbr class=\"required\" title=\"Required\">*<\/abbr><\/label><input type=\"text\" id=\"evf-208-field_fullname\" class=\"input-text\" name=\"everest_forms[form_fields][fullname]\" required><\/div><div id=\"evf-208-field_email-container\" class=\"evf-field evf-field-email form-row validate-required validate-email\" data-required-field-message=\"Please enter a valid email address.\" data-field-id=\"email\"><label class=\"evf-field-label\" for=\"evf-208-field_email\"><span class=\"evf-label\">Email Adresiniz<\/span> <abbr class=\"required\" title=\"Required\">*<\/abbr><\/label><input type=\"email\" id=\"evf-208-field_email\" class=\"input-text\" name=\"everest_forms[form_fields][email]\" required ><\/div><div id=\"evf-208-field_subject-container\" class=\"evf-field evf-field-text form-row validate-required\" data-required-field-message=\"This field is required.\" data-field-id=\"subject\"><label class=\"evf-field-label\" for=\"evf-208-field_subject\"><span class=\"evf-label\">Konu Ba\u015fl\u0131\u011f\u0131<\/span> <abbr class=\"required\" title=\"Required\">*<\/abbr><\/label><input type=\"text\" id=\"evf-208-field_subject\" class=\"input-text\" name=\"everest_forms[form_fields][subject]\" required><\/div><div id=\"evf-208-field_EzsXGUp56z-3-container\" class=\"evf-field evf-field-phone form-row validate-required validate-phone\" data-required-field-message=\"\" data-field-id=\"EzsXGUp56z-3\"><label class=\"evf-field-label\" for=\"evf-208-field_EzsXGUp56z-3\"><span class=\"evf-label\">Mobil Tel<\/span> <abbr class=\"required\" title=\"Required\">*<\/abbr><\/label><input type=\"tel\" id=\"evf-208-field_EzsXGUp56z-3\" class=\"input-text evf-smart-phone-field\" data-rule-smart-phone-field=\"true\" name=\"everest_forms[form_fields][EzsXGUp56z-3]\" required><\/div><div id=\"evf-208-field_message-container\" class=\"evf-field evf-field-textarea form-row validate-required\" data-required-field-message=\"This field is required.\" data-field-id=\"message\"><label class=\"evf-field-label\" for=\"evf-208-field_message\"><span class=\"evf-label\">K\u0131sa Mesaj\u0131n\u0131z<\/span> <abbr class=\"required\" title=\"Required\">*<\/abbr><\/label><textarea id=\"evf-208-field_message\" class=\"input-text\" name=\"everest_forms[form_fields][message]\" required ><\/textarea><\/div><div id=\"evf-208-field_Cb3sFi9gYL-1-container\" class=\"evf-field evf-field-checkbox form-row validate-required\" data-required-field-message=\"This field is required.\" data-field-id=\"Cb3sFi9gYL-1\"><label class=\"evf-field-label\" for=\"evf-208-field_Cb3sFi9gYL-1\"><span class=\"evf-label\">KVKK, Gizlilik politikas\u0131 Metni<\/span> <abbr class=\"required\" title=\"Required\">*<\/abbr><\/label><ul id=\"evf-208-field_Cb3sFi9gYL-1\" class=\" evf-field-required\"><li class=\"choice-1 depth-1\"><input type=\"checkbox\" id=\"evf-208-field_Cb3sFi9gYL-1_1\" class=\"input-text\" name=\"everest_forms[form_fields][Cb3sFi9gYL-1][]\" value=\"Sitemizdeki hakk\u0131m\u0131z men\u00fcs\u00fcnde bulunan KVKK-Gizlilik politikam\u0131z alt\u0131nda bulunan yd\u0131nlatma metinleini okudum, Kabul ediyorum.\" required ><label class=\"everest-forms-field-label-inline\" for=\"evf-208-field_Cb3sFi9gYL-1_1\">Sitemizdeki hakk\u0131m\u0131z men\u00fcs\u00fcnde bulunan KVKK-Gizlilik politikam\u0131z alt\u0131nda bulunan yd\u0131nlatma metinleini okudum, Kabul ediyorum.<\/label><\/li><\/ul><\/div><\/div><\/div><\/div><div class=\"evf-honeypot-container evf-field-hp\"><label for=\"evf-208-field-hp\" class=\"evf-field-label\">Email<\/label><input type=\"text\" name=\"everest_forms[hp]\" id=\"evf-208-field-hp\" class=\"input-text\"><\/div><div class=\"evf-submit-container \" ><input type=\"hidden\" name=\"everest_forms[id]\" value=\"208\"><input type=\"hidden\" name=\"everest_forms[author]\" value=\"1\"><button type='submit' name='everest_forms[submit]' class='everest-forms-submit-button button evf-submit ' id='evf-submit-208' value='evf-submit' data-process-text=\"G\u00f6nderi \u0130\u015fleniyor \u2026\" conditional_rules='&quot;&quot;' conditional_id='evf-submit-208'  id=\"evf-submit-208\" aria-live=\"assertive\">G\u00f6nder<\/button><\/div><\/form><\/div><!-- .evf-container --><\/div>\t\t\t\t<\/div>\n\t\t\t\t<\/div>\n\t\t\t\t<\/div>\n\t\t<div class=\"elementor-element elementor-element-89f8bca e-con-full e-flex e-con e-child\" data-id=\"89f8bca\" data-element_type=\"container\" data-e-type=\"container\" data-settings=\"{&quot;background_background&quot;:&quot;classic&quot;}\">\n\t\t\t\t<div class=\"elementor-element elementor-element-7b52972 elementor-widget elementor-widget-heading\" data-id=\"7b52972\" data-element_type=\"widget\" data-e-type=\"widget\" data-widget_type=\"heading.default\">\n\t\t\t\t<div class=\"elementor-widget-container\">\n\t\t\t\t\t<h3 class=\"elementor-heading-title elementor-size-default\">Bize Buradan Ula\u015fabilirsiniz<\/h3>\t\t\t\t<\/div>\n\t\t\t\t<\/div>\n\t\t\t\t<div class=\"elementor-element elementor-element-884df76 elementor-widget elementor-widget-html\" data-id=\"884df76\" data-element_type=\"widget\" data-e-type=\"widget\" data-widget_type=\"html.default\">\n\t\t\t\t<div class=\"elementor-widget-container\">\n\t\t\t\t\t<iframe src=\"https:\/\/www.google.com\/maps\/embed?pb=!1m18!1m12!1m3!1d3059.9539078341236!2d32.65103907657306!3d39.92004767152378!2m3!1f0!2f0!3f0!3m2!1i1024!2i768!4f13.1!3m3!1m2!1s0x14d339a324363a49%3A0xe29936b73a1c8463!2sBa%C4%9Fl%C4%B1ca%2C%20Etimesgut%20Blv.%206F%2C%2006790%20Etimesgut%2FAnkara!5e0!3m2!1str!2str!4v1765442502242!5m2!1str!2str\" width=\"600\" height=\"680\" style=\"border:0;\" allowfullscreen=\"\" loading=\"lazy\" referrerpolicy=\"no-referrer-when-downgrade\"><\/iframe>\t\t\t\t<\/div>\n\t\t\t\t<\/div>\n\t\t\t\t<\/div>\n\t\t\t\t\t<\/div>\n\t\t\t\t<\/div>\n\t\t\t\t<\/div>\n\t\t","protected":false},"excerpt":{"rendered":"<p>ADRES:\u00a0Yeni Ba\u011fl\u0131ca Mahallesi, Etimesgut Bulvar\u0131, No: 6F\/D\u00a0Etimesgut \/ ANKARA TEL: 0 (312)\u00a0577\u00a051\u00a061 E-POSTA: greenplan@greenplan.com.tr \u0130leti\u015fim Formu Size daha iyi hizmet vermek i\u00e7in ileti\u015fim formunu eksiksiz olarak doldurman\u0131z, isteklerinizi anla\u015f\u0131l\u0131r ve k\u0131sa olarak bildirmenizi rica ederiz. Bize Buradan Ula\u015fabilirsiniz<\/p>\n","protected":false},"author":1,"featured_media":0,"parent":0,"menu_order":0,"comment_status":"closed","ping_status":"closed","template":"elementor_header_footer","meta":{"footnotes":""},"class_list":["post-205","page","type-page","status-publish","hentry"],"blog_post_layout_featured_media_urls":{"thumbnail":"","full":""},"categories_names":null,"comments_number":"0","wpmagazine_modules_lite_featured_media_urls":{"thumbnail":"","cvmm-medium":"","cvmm-medium-plus":"","cvmm-portrait":"","cvmm-medium-square":"","cvmm-large":"","cvmm-small":"","full":""},"jetpack_sharing_enabled":true,"rttpg_featured_image_url":null,"rttpg_author":{"display_name":"admin","author_link":"https:\/\/www.greenplan.com.tr\/index.php\/author\/admin\/"},"rttpg_comment":0,"rttpg_category":null,"rttpg_excerpt":"ADRES:\u00a0Yeni Ba\u011fl\u0131ca Mahallesi, Etimesgut Bulvar\u0131, No: 6F\/D\u00a0Etimesgut \/ ANKARA TEL: 0 (312)\u00a0577\u00a051\u00a061 E-POSTA: greenplan@greenplan.com.tr \u0130leti\u015fim Formu Size daha iyi hizmet vermek i\u00e7in ileti\u015fim formunu eksiksiz olarak doldurman\u0131z, isteklerinizi anla\u015f\u0131l\u0131r ve k\u0131sa olarak bildirmenizi rica ederiz. Bize Buradan Ula\u015fabilirsiniz","_links":{"self":[{"href":"https:\/\/www.greenplan.com.tr\/index.php\/wp-json\/wp\/v2\/pages\/205","targetHints":{"allow":["GET"]}}],"collection":[{"href":"https:\/\/www.greenplan.com.tr\/index.php\/wp-json\/wp\/v2\/pages"}],"about":[{"href":"https:\/\/www.greenplan.com.tr\/index.php\/wp-json\/wp\/v2\/types\/page"}],"author":[{"embeddable":true,"href":"https:\/\/www.greenplan.com.tr\/index.php\/wp-json\/wp\/v2\/users\/1"}],"replies":[{"embeddable":true,"href":"https:\/\/www.greenplan.com.tr\/index.php\/wp-json\/wp\/v2\/comments?post=205"}],"version-history":[{"count":85,"href":"https:\/\/www.greenplan.com.tr\/index.php\/wp-json\/wp\/v2\/pages\/205\/revisions"}],"predecessor-version":[{"id":1127,"href":"https:\/\/www.greenplan.com.tr\/index.php\/wp-json\/wp\/v2\/pages\/205\/revisions\/1127"}],"wp:attachment":[{"href":"https:\/\/www.greenplan.com.tr\/index.php\/wp-json\/wp\/v2\/media?parent=205"}],"curies":[{"name":"wp","href":"https:\/\/api.w.org\/{rel}","templated":true}]}}